{"id":1036,"date":"2022-04-29T13:44:18","date_gmt":"2022-04-29T13:44:18","guid":{"rendered":"https:\/\/test.marquesdelaconcordia.com\/?page_id=1036"},"modified":"2025-10-21T06:48:28","modified_gmt":"2025-10-21T06:48:28","slug":"winemakers","status":"publish","type":"page","link":"https:\/\/marquesdelaconcordia.com\/en\/winemakers\/","title":{"rendered":"Winemakers"},"content":{"rendered":"<p>[et_pb_section fb_built=\u00bb1&#8243; _builder_version=\u00bb4.17.4&#8243; _module_preset=\u00bbdefault\u00bb background_enable_color=\u00bboff\u00bb background_image=\u00bbhttps:\/\/marquesdelaconcordia.com\/wp-content\/uploads\/2022\/04\/Monistrol-2016.10-The-Haciendas-barrels-2-min.jpg\u00bb background_enable_mask_style=\u00bbon\u00bb background_mask_style=\u00bbcaret\u00bb background_mask_color=\u00bb#01215A\u00bb background_mask_size=\u00bbcover\u00bb background_color_phone=\u00bb#01215A\u00bb background_last_edited=\u00bbon|tablet\u00bb background_enable_color_phone=\u00bbon\u00bb background_image_tablet=\u00bbhttps:\/\/marquesdelaconcordia.com\/wp-content\/uploads\/2022\/04\/Monistrol-2016.10-The-Haciendas-barrels-2-min.jpg\u00bb background_image_phone=\u00bbhttps:\/\/marquesdelaconcordia.com\/wp-content\/uploads\/2022\/04\/Monistrol-2016.10-The-Haciendas-barrels-2-min.jpg\u00bb background_enable_image_tablet=\u00bbon\u00bb background_enable_image_phone=\u00bbon\u00bb parallax_tablet=\u00bboff\u00bb parallax_method_tablet=\u00bboff\u00bb background_size_tablet=\u00bbcover\u00bb background_size_phone=\u00bbcover\u00bb background_position_tablet=\u00bbbottom_right\u00bb background_position_phone=\u00bbbottom_right\u00bb background_horizontal_offset_phone=\u00bb70%\u00bb background_enable_mask_style_phone=\u00bbon\u00bb background_mask_style_phone=\u00bbcaret\u00bb background_mask_color_tablet=\u00bb#01215A\u00bb background_mask_transform_tablet=\u00bbflip_vertical|rotate_90_degree\u00bb background_mask_aspect_ratio_phone=\u00bbportrait\u00bb da_disable_devices=\u00bboff|off|off\u00bb global_colors_info=\u00bb{}\u00bb da_is_popup=\u00bboff\u00bb da_exit_intent=\u00bboff\u00bb da_has_close=\u00bbon\u00bb da_alt_close=\u00bboff\u00bb da_dark_close=\u00bboff\u00bb da_not_modal=\u00bbon\u00bb da_is_singular=\u00bboff\u00bb da_with_loader=\u00bboff\u00bb da_has_shadow=\u00bbon\u00bb][et_pb_row _builder_version=\u00bb4.17.4&#8243; _module_preset=\u00bbdefault\u00bb global_colors_info=\u00bb{}\u00bb][et_pb_column type=\u00bb4_4&#8243; _builder_version=\u00bb4.17.4&#8243; _module_preset=\u00bbdefault\u00bb global_colors_info=\u00bb{}\u00bb][et_pb_text _builder_version=\u00bb4.17.4&#8243; _module_preset=\u00bbdefault\u00bb global_colors_info=\u00bb{}\u00bb]<\/p>\n<h4 style=\"text-align: left;\"><span style=\"color: #ffffff;\">WINEMAKERS<strong><\/strong><\/span><\/h4>\n<h2 style=\"text-align: left;\"><span style=\"color: #ffffff;\"><strong>El arte de la enolog\u00eda<\/strong><\/span><\/h2>\n<p>[\/et_pb_text][et_pb_divider show_divider=\u00bboff\u00bb disabled_on=\u00bboff|off|on\u00bb _builder_version=\u00bb4.17.4&#8243; _module_preset=\u00bbdefault\u00bb custom_margin=\u00bb12px||||false|false\u00bb global_colors_info=\u00bb{}\u00bb][\/et_pb_divider][et_pb_divider color=\u00bb#D8940D\u00bb disabled_on=\u00bbon|on|off\u00bb _builder_version=\u00bb4.17.4&#8243; _module_preset=\u00bbdefault\u00bb width=\u00bb49%\u00bb global_colors_info=\u00bb{}\u00bb][\/et_pb_divider][et_pb_text _builder_version=\u00bb4.17.3&#8243; _module_preset=\u00bbdefault\u00bb text_text_color=\u00bb#FFFFFF\u00bb global_colors_info=\u00bb{}\u00bb]<\/p>\n<p style=\"font-weight: 400;\">Un territorio s\u00f3lo tiene valor\u00a0si somos capaces de hacer expresar todo su potencial.<\/p>\n<p>[\/et_pb_text][\/et_pb_column][\/et_pb_row][\/et_pb_section][et_pb_section fb_built=\u00bb1&#8243; _builder_version=\u00bb4.17.3&#8243; _module_preset=\u00bbdefault\u00bb custom_padding=\u00bb||3px|||\u00bb da_disable_devices=\u00bboff|off|off\u00bb global_colors_info=\u00bb{}\u00bb da_is_popup=\u00bboff\u00bb da_exit_intent=\u00bboff\u00bb da_has_close=\u00bbon\u00bb da_alt_close=\u00bboff\u00bb da_dark_close=\u00bboff\u00bb da_not_modal=\u00bbon\u00bb da_is_singular=\u00bboff\u00bb da_with_loader=\u00bboff\u00bb da_has_shadow=\u00bbon\u00bb][et_pb_row _builder_version=\u00bb4.17.3&#8243; _module_preset=\u00bbdefault\u00bb global_colors_info=\u00bb{}\u00bb][et_pb_column type=\u00bb4_4&#8243; _builder_version=\u00bb4.17.3&#8243; _module_preset=\u00bbdefault\u00bb global_colors_info=\u00bb{}\u00bb][et_pb_text _builder_version=\u00bb4.17.3&#8243; _module_preset=\u00bbdefault\u00bb global_colors_info=\u00bb{}\u00bb]<\/p>\n<p style=\"font-weight: 400;\">Nuestros en\u00f3logos buscan la excelencia en todos y cada uno de los vinos y cavas de la Familia de vinos y cavas de Marqu\u00e9s de la Concordia, aportando su sabidur\u00eda enol\u00f3gica y conocimiento del terroir y vocaci\u00f3n por la innovaci\u00f3n. Compromiso, pasi\u00f3n por el vino y respeto por el medio ambiente son las insignias de nuestro equipo t\u00e9cnico.<\/p>\n<p>[\/et_pb_text][\/et_pb_column][\/et_pb_row][\/et_pb_section][et_pb_section fb_built=\u00bb1&#8243; _builder_version=\u00bb4.17.3&#8243; _module_preset=\u00bbdefault\u00bb bottom_divider_style=\u00bbarrow\u00bb bottom_divider_color=\u00bb#01215A\u00bb da_disable_devices=\u00bboff|off|off\u00bb global_colors_info=\u00bb{}\u00bb da_is_popup=\u00bboff\u00bb da_exit_intent=\u00bboff\u00bb da_has_close=\u00bbon\u00bb da_alt_close=\u00bboff\u00bb da_dark_close=\u00bboff\u00bb da_not_modal=\u00bbon\u00bb da_is_singular=\u00bboff\u00bb da_with_loader=\u00bboff\u00bb da_has_shadow=\u00bbon\u00bb][et_pb_row column_structure=\u00bb1_2,1_2&#8243; _builder_version=\u00bb4.17.3&#8243; _module_preset=\u00bbdefault\u00bb global_colors_info=\u00bb{}\u00bb][et_pb_column type=\u00bb1_2&#8243; _builder_version=\u00bb4.17.3&#8243; _module_preset=\u00bbdefault\u00bb global_colors_info=\u00bb{}\u00bb][et_pb_image src=\u00bbhttps:\/\/marquesdelaconcordia.com\/wp-content\/uploads\/2022\/05\/eno-4.png\u00bb title_text=\u00bbeno-4&#8243; _builder_version=\u00bb4.17.3&#8243; _module_preset=\u00bbdefault\u00bb z_index=\u00bb0&#8243; global_colors_info=\u00bb{}\u00bb][\/et_pb_image][\/et_pb_column][et_pb_column type=\u00bb1_2&#8243; _builder_version=\u00bb4.17.3&#8243; _module_preset=\u00bbdefault\u00bb global_colors_info=\u00bb{}\u00bb][et_pb_text _builder_version=\u00bb4.17.3&#8243; _module_preset=\u00bbdefault\u00bb text_text_color=\u00bb#01215A\u00bb global_colors_info=\u00bb{}\u00bb]<\/p>\n<h4><span style=\"color: #ffffff;\"><span style=\"color: #01215a;\">WINEMAKER<\/span><strong><\/strong><\/span><\/h4>\n<h2><span style=\"color: #01215a;\"><strong>V\u00edctor Pascual<\/strong><\/span><\/h2>\n<p>[\/et_pb_text][et_pb_divider color=\u00bb#D8940D\u00bb _builder_version=\u00bb4.17.3&#8243; _module_preset=\u00bbdefault\u00bb global_colors_info=\u00bb{}\u00bb][\/et_pb_divider][et_pb_text _builder_version=\u00bb4.21.0&#8243; _module_preset=\u00bbdefault\u00bb global_colors_info=\u00bb{}\u00bb]<\/p>\n<p style=\"font-weight: 400;\">Esta vendimia 2023 se puede resumir como dif\u00edcil pero que va tocando a su fin con mejores sensaciones que las perspectivas iniciales en cuanto a la calidad. Sobre todo, por la temida botrytis que si bien ha afectado algunos vi\u00f1edos y ha estado presente en algunas zonas su presencia no ha sido tan generalizada ni tan virulenta como pod\u00eda esperarse.<\/p>\n<p style=\"font-weight: 400;\">Los vinos en bodega a falta de malol\u00e1cticas son muy satisfactorios para un a\u00f1o que inicialmente nos tem\u00edamos por lo climatol\u00f3gico como aquellos de 2013, 2003, 1992&#8230;las claves del \u00e9xito dos: el control de producci\u00f3n y la tecnolog\u00eda en bodega que favorece el trato ideal de la materia prima y la celeridad de la entrada de uva que requer\u00eda esta campa\u00f1a.<\/p>\n<p>[\/et_pb_text][\/et_pb_column][\/et_pb_row][\/et_pb_section]<\/p>\n","protected":false},"excerpt":{"rendered":"<p>WINEMAKERS El arte de la enolog\u00edaUn territorio s\u00f3lo tiene valor\u00a0si somos capaces de hacer expresar todo su potencial.Nuestros en\u00f3logos buscan la excelencia en todos y cada uno de los vinos y cavas de la Familia de vinos y cavas de Marqu\u00e9s de la Concordia, aportando su sabidur\u00eda enol\u00f3gica y conocimiento del terroir y vocaci\u00f3n por [&hellip;]<\/p>\n","protected":false},"author":2,"featured_media":0,"parent":0,"menu_order":0,"comment_status":"closed","ping_status":"closed","template":"","meta":{"_et_pb_use_builder":"on","_et_pb_old_content":"","_et_gb_content_width":""},"_links":{"self":[{"href":"https:\/\/marquesdelaconcordia.com\/en\/wp-json\/wp\/v2\/pages\/1036"}],"collection":[{"href":"https:\/\/marquesdelaconcordia.com\/en\/wp-json\/wp\/v2\/pages"}],"about":[{"href":"https:\/\/marquesdelaconcordia.com\/en\/wp-json\/wp\/v2\/types\/page"}],"author":[{"embeddable":true,"href":"https:\/\/marquesdelaconcordia.com\/en\/wp-json\/wp\/v2\/users\/2"}],"replies":[{"embeddable":true,"href":"https:\/\/marquesdelaconcordia.com\/en\/wp-json\/wp\/v2\/comments?post=1036"}],"version-history":[{"count":36,"href":"https:\/\/marquesdelaconcordia.com\/en\/wp-json\/wp\/v2\/pages\/1036\/revisions"}],"predecessor-version":[{"id":2907,"href":"https:\/\/marquesdelaconcordia.com\/en\/wp-json\/wp\/v2\/pages\/1036\/revisions\/2907"}],"wp:attachment":[{"href":"https:\/\/marquesdelaconcordia.com\/en\/wp-json\/wp\/v2\/media?parent=1036"}],"curies":[{"name":"wp","href":"https:\/\/api.w.org\/{rel}","templated":true}]}}