{"id":69,"date":"2022-04-20T11:48:47","date_gmt":"2022-04-20T11:48:47","guid":{"rendered":"https:\/\/test.marquesdelaconcordia.com\/?page_id=69"},"modified":"2022-05-12T14:00:33","modified_gmt":"2022-05-12T14:00:33","slug":"politica-de-privacidad","status":"publish","type":"page","link":"https:\/\/marquesdelaconcordia.com\/en\/politica-de-privacidad\/","title":{"rendered":"Privacy Policy"},"content":{"rendered":"<p>[et_pb_section fb_built=\u00bb1&#8243; admin_label=\u00bbHeader\u00bb _builder_version=\u00bb4.16.1&#8243; background_color=\u00bb#FFFFFF\u00bb global_colors_info=\u00bb{}\u00bb][et_pb_row column_structure=\u00bb2_3,1_3&#8243; custom_padding_last_edited=\u00bbon|tablet\u00bb _builder_version=\u00bb4.17.3&#8243; z_index=\u00bb10&#8243; custom_padding=\u00bb|20px|||false|false\u00bb custom_padding_tablet=\u00bb\u00bb custom_padding_phone=\u00bb\u00bb hover_enabled=\u00bb0&#8243; global_colors_info=\u00bb{}\u00bb sticky_enabled=\u00bb0&#8243;][et_pb_column type=\u00bb2_3&#8243; _builder_version=\u00bb4.16&#8243; global_colors_info=\u00bb{}\u00bb][et_pb_text _builder_version=\u00bb4.17.3&#8243; text_font=\u00bbLora||||||||\u00bb text_line_height=\u00bb2em\u00bb header_text_color=\u00bb#280400&#8243; header_font_size=\u00bb110px\u00bb max_width=\u00bb880px\u00bb hover_enabled=\u00bb0&#8243; header_font_size_tablet=\u00bb60px\u00bb header_font_size_phone=\u00bb40px\u00bb header_font_size_last_edited=\u00bbon|phone\u00bb inline_fonts=\u00bbAnaheim\u00bb global_colors_info=\u00bb{}\u00bb sticky_enabled=\u00bb0&#8243;]<\/p>\n<h2><span style=\"color: #01215a;\">Pol\u00edtica de privacidad<\/span><\/h2>\n<p>[\/et_pb_text][\/et_pb_column][et_pb_column type=\u00bb1_3&#8243; _builder_version=\u00bb4.16&#8243; global_colors_info=\u00bb{}\u00bb][\/et_pb_column][\/et_pb_row][\/et_pb_section][et_pb_section fb_built=\u00bb1&#8243; admin_label=\u00bbBlog\u00bb _builder_version=\u00bb4.16.1&#8243; background_color=\u00bb#FFFFFF\u00bb global_colors_info=\u00bb{}\u00bb][et_pb_row _builder_version=\u00bb4.16.1&#8243; _module_preset=\u00bbdefault\u00bb global_colors_info=\u00bb{}\u00bb][et_pb_column type=\u00bb4_4&#8243; _builder_version=\u00bb4.16.1&#8243; _module_preset=\u00bbdefault\u00bb global_colors_info=\u00bb{}\u00bb][et_pb_text _builder_version=\u00bb4.16.1&#8243; _module_preset=\u00bbdefault\u00bb global_colors_info=\u00bb{}\u00bb]<\/p>\n<p><strong>POL\u00cdTICA DE PRIVACIDAD<\/strong><\/p>\n<p><strong>www.marquesdelaconcordia.com<\/strong><\/p>\n<p><strong>\u00a0<\/strong><\/p>\n<div>\n<ol>\n<li><strong>IDENTIFICACI\u00d3N<\/strong><\/li>\n<\/ol>\n<p>De conformidad con la normativa vigente, se informa al interesado, que el responsable del tratamiento de los datos de car\u00e1cter personal facilitados es [\u2026] (en adelante, \u201c<strong>MARQU\u00c9S DE LA CONCORDIA<\/strong>\u201d), con CIF B-49286990 y domicilio social en \u00a0Fermoselle (Zamora) Ctra. de Fermoselle a Zamora, km. 56.<\/p>\n<p>En caso de dudas o solicitudes relacionadas con el tratamiento de sus datos puede ponerse en contacto con nuestro Delegado de Protecci\u00f3n de Datos (en adelante, \u201c<strong>DPO<\/strong>\u201d) en cualquier momento, mediante escrito a la siguiente direcci\u00f3n: Calle Mar\u00eda de Molina,40, Piso 6, 28006, Madrid o al e-mail pd@the-haciendas.com indicando la Referencia: \u201cDelegado de Protecci\u00f3n de Datos\u201d.<\/p>\n<p>&nbsp;<\/p>\n<ol start=\"2\">\n<li><a name=\"_Toc465939204\"><\/a><strong>INFORMACI\u00d3N Y CONSENTIMIENTO.<\/strong><\/li>\n<\/ol>\n<p>&nbsp;<\/p>\n<p>Mediante la lectura de la presente Pol\u00edtica de Privacidad, el usuario (en adelante, el \u201c<strong>Usuario<\/strong>\u201d o los \u201c<strong>Usuarios<\/strong>\u201d) queda informado sobre la forma en que MARQU\u00c9S DE LA CONCORDIA recaba, trata y protege los datos de car\u00e1cter personal que le son facilitados a trav\u00e9s del sitio web<span>\u00a0<\/span><a href=\"https:\/\/the-haciendas.com\/\">https:\/\/the-haciendas.com\/<\/a><span>\u00a0<\/span>(en adelante, el \u201c<strong>Sitio Web<\/strong>\u201d), as\u00ed como los propios de su conexi\u00f3n y navegaci\u00f3n a trav\u00e9s del Sitio Web y aquellos otros datos que pueda facilitar en un futuro a MARQU\u00c9S DE LA CONCORDIA a trav\u00e9s de cualquier medio habilitado, incluida la v\u00eda telef\u00f3nica.<\/p>\n<p>&nbsp;<\/p>\n<p>El Usuario debe leer con atenci\u00f3n esta Pol\u00edtica de Privacidad que ha sido redactada de forma clara y sencilla, para facilitar su comprensi\u00f3n, y determinar libre y voluntariamente si desea facilitar sus datos personales, o los de terceros, a MARQU\u00c9S DE LA CONCORDIA.<\/p>\n<p>&nbsp;<\/p>\n<ol start=\"3\">\n<li><strong>\u00bfCON QU\u00c9 FINALIDAD TRATAMOS SUS DATOS Y CU\u00c1L ES LA BASE DE LEGITIMACI\u00d3N DEL TRATAMIENTO DE LOS MISMOS?<\/strong><\/li>\n<\/ol>\n<p>&nbsp;<\/p>\n<p>Los datos personales del interesado se tratar\u00e1n por MARQU\u00c9S DE LA CONCORDIA conforme a las siguientes finalidades, dependiendo del momento en el que nos los est\u00e9 facilitando.<\/p>\n<ul>\n<li>Gestionar las consultas, sugerencias, quejas y\/o reclamaciones que el Usuario ponga en conocimiento de MARQU\u00c9S DE LA CONCORDIA a trav\u00e9s del formulario de contacto del Sitio Web o el formulario en papel de atenci\u00f3n al cliente, as\u00ed como la emisi\u00f3n de llamadas para dicha atenci\u00f3n o su respuesta v\u00eda correo electr\u00f3nico.<span>\u00a0<\/span><u>El tratamiento de sus datos para esta finalidad est\u00e1 basado en su consentimiento (art\u00edculo 6.1 a) del RGPD).<span>\u00a0<\/span><\/u>El consentimiento puede ser retirado en cualquier momento, pero tenga en cuenta que la retirada del consentimiento supondr\u00e1 la imposibilidad de gestionar su consulta, queja o reclamaci\u00f3n. La retirada del consentimiento no afectar\u00e1 a la licitud del tratamiento previo a su retirada. En este sentido, informar que las llamadas podr\u00e1n ser grabadas por motivo de calidad del servicio.<\/li>\n<li>En el caso de que el Usuario sea Cliente, gestionar el env\u00edo de comunicaciones comerciales de productos y\/o servicios similares de MARQU\u00c9S DE LA CONCORDIA, siempre y cuando no se oponga al env\u00edo de las mismas marcando la casilla habilitada al efecto.<span>\u00a0<\/span><u>El tratamiento de sus datos para esta finalidad se encuentra amparado en el inter\u00e9s leg\u00edtimo (art\u00edculo 6.1.f) del RGPD)<\/u>.<span>\u00a0<\/span><u>Este inter\u00e9s leg\u00edtimo est\u00e1 amparado en lo dispuesto en el considerando 47 del RGPD y en el art\u00edculo 21.2 de la LSSI<\/u>.<\/li>\n<\/ul>\n<p>&nbsp;<\/p>\n<ul>\n<li>Gestionar el env\u00edo de comunicaciones comerciales de productos y\/o servicios de MARQU\u00c9S DE LA CONCORDIA, cuando as\u00ed haya marcado la casilla habilitada al efecto.<span>\u00a0<\/span><u>El tratamiento de los datos para esta finalidad est\u00e1 basado en el consentimiento (art\u00edculo 6.1 a) del RGPD)<\/u>, consentimiento que puede retirar en cualquier momento. En caso de retirar el consentimiento, ello no afecta a la licitud del tratamiento previo a su retirada.<\/li>\n<\/ul>\n<p>&nbsp;<\/p>\n<ul>\n<li>Dar cumplimiento a las obligaciones legalmente establecidas y a los requerimientos de informaci\u00f3n por parte de las autoridades competentes.<span>\u00a0<\/span><u>El tratamiento de sus datos para esta finalidad est\u00e1 basado en el cumplimiento de una obligaci\u00f3n legal (art\u00edculo 6.1 c) del RGPD)<\/u>.<\/li>\n<\/ul>\n<p>&nbsp;<\/p>\n<ul>\n<li>Gestionar su suscripci\u00f3n a la Newsletter en el que informamos sobre productos y\/o servicios que puedan resultar de su inter\u00e9s, eventos, incluso informaci\u00f3n relevante del Grupo HACIENDAS COMPANY al que pertenece MARQU\u00c9S DE LA CONCORDIA, etc. cuando el Usuario facilite sus datos a trav\u00e9s del formulario correspondiente. El<u><span>\u00a0<\/span>tratamiento de los datos para esta finalidad est\u00e1 basado en el consentimiento (art\u00edculo 6.1 a) del RGPD)<\/u>. El consentimiento puede ser retirado por el Usuario en cualquier momento sin que ello afecte a la licitud del tratamiento previo a su retirada.<\/li>\n<\/ul>\n<p>&nbsp;<\/p>\n<ol start=\"4\">\n<li><strong>OBLIGATORIEDAD DEL SUMINISTRO DE LOS DATOS<\/strong><\/li>\n<\/ol>\n<p>Los datos personales solicitados son obligatorios, a excepci\u00f3n de aquellos en los que expresamente se indique lo contrario, de tal forma que, la negativa a suministrarlos supondr\u00e1 la imposibilidad de llevar a cabo las finalidades anteriormente mencionadas.<\/p>\n<p>En caso de que el interesado facilite datos de terceros, manifiesta contar con el consentimiento de los mismos y se compromete a trasladarle la informaci\u00f3n contenida en esta cl\u00e1usula, eximiendo a MARQU\u00c9S DE LA CONCORDIA de toda responsabilidad de informaci\u00f3n.<\/p>\n<p>&nbsp;<\/p>\n<ol start=\"5\">\n<li><strong>\u00bfQU\u00c9 DATOS TRATAR\u00c1 MARQU\u00c9S DE LA CONCORDIA??<\/strong><\/li>\n<\/ol>\n<p>MARQU\u00c9S DE LA CONCORDIA tratar\u00e1 las siguientes categor\u00edas de datos:<\/p>\n<ul>\n<li><u>Datos identificativos:<\/u><span>\u00a0<\/span>nombre.<\/li>\n<li><u>Datos de contacto:<\/u><span>\u00a0<\/span>direcci\u00f3n de correo electr\u00f3nico.<\/li>\n<li><u>Bienes y servicios recibidos por el cliente<\/u>.<\/li>\n<\/ul>\n<p>&nbsp;<\/p>\n<ol start=\"6\">\n<li><strong>PLAZOS DE CONSERVACI\u00d3N<\/strong><\/li>\n<\/ol>\n<p>Los datos del Usuario ser\u00e1n conservados durante los siguientes plazos:<\/p>\n<ul>\n<li><u>Para gestionar su consulta, sugerencia, queja y\/o reclamaci\u00f3n<\/u>, sus datos ser\u00e1n conservados con ese fin durante todo el tiempo de la gesti\u00f3n de su consulta y, a\u00fan despu\u00e9s, hasta que prescriban las eventuales responsabilidades derivadas de la consulta.<\/li>\n<li><u>Para enviarle comunicaciones sobre campa\u00f1as publicitarias y de marketing que puedan ser de su inter\u00e9s<\/u>, sus datos ser\u00e1n conservados hasta que se oponga al tratamiento o revoque su consentimiento. El consentimiento puede ser revocado en cualquier momento. En todo caso, la retirada de su consentimiento no afectar\u00e1 a la licitud de los tratamientos efectuados con anterioridad.<\/li>\n<li><u>Gestionar su suscripci\u00f3n para recibir nuestro bolet\u00edn comercial o Newsletter<\/u>, hasta que revoque el consentimiento otorgado.<\/li>\n<li><u>Para dar cumplimiento a las obligaciones legalmente establecidas y a los requerimientos de informaci\u00f3n por parte de las autoridades competentes<\/u>, sus datos ser\u00e1n conservados durante los plazos previstos legalmente.<\/li>\n<\/ul>\n<p>&nbsp;<\/p>\n<ol start=\"7\">\n<li><strong>DESTINATARIOS DE LOS DATOS Y TRANSFERENCIAS INTERNACIONALES<\/strong><\/li>\n<\/ol>\n<p>Los datos del interesado podr\u00e1n ser comunicados a:<\/p>\n<ul>\n<li>Administraciones P\u00fablicas y Jueces y Tribunales, en los casos previstos por la ley.<\/li>\n<li>Bancos y entidades financieras, en los casos que haya cobros y pagos como parte de la ejecuci\u00f3n de un contrato.<\/li>\n<\/ul>\n<ul>\n<li>Empresas que pertenezcan al grupo empresarial THE HACIENDAS COMPANY, relacionadas con el sector de la hosteler\u00eda, ocio-turismo, gastronom\u00eda, vin\u00edcola y de alimentaci\u00f3n para que dichas empresas puedan enviarle comunicaciones comerciales de sus productos y\/o servicios, si el Usuario da su consentimiento marcando la casilla habilitada al efecto. Para m\u00e1s informaci\u00f3n acerca de las empresas del Grupo y sus productos y\/o servicios, pinche aqu\u00ed.<span>\u00a0<\/span><u>La cesi\u00f3n de los datos de contacto para esta finalidad est\u00e1 basada en el consentimiento (art\u00edculo 6.1 a) del RGPD)<\/u>, consentimiento que puede retirar en cualquier momento. En caso de retirar el consentimiento, ello no afecta a la licitud del tratamiento previo a su retirada.<\/li>\n<\/ul>\n<p>El Usuario queda informado de que MARQU\u00c9S DE LA CONCORDIA tiene contratados determinados servicios t\u00e9cnicos que pueden implicar una transferencia internacional de datos. Estas transferencias internacionales de datos se encuentran debidamente regularizadas, todo ello conforme a lo establecido por la normativa vigente en materia de protecci\u00f3n de datos.<\/p>\n<p>&nbsp;<\/p>\n<ol start=\"8\">\n<li><strong>RESPONSABILIDAD DEL USUARIO<\/strong><\/li>\n<\/ol>\n<p>El Usuario:<\/p>\n<ul>\n<li>Garantiza que es mayor de 18 a\u00f1os y que los datos que facilita a MARQU\u00c9S DE LA CONCORDIA son verdaderos, exactos, completos y actualizados. A estos efectos, el Usuario responde de la veracidad de todos los datos que comunique y mantendr\u00e1 convenientemente actualizada la informaci\u00f3n facilitada, de tal forma que responda a su situaci\u00f3n real.<\/li>\n<li>Garantiza que ha informado a los terceros de los que facilite sus datos, en caso de hacerlo, de los aspectos contenidos en este documento. Asimismo, garantiza que ha obtenido su autorizaci\u00f3n para facilitar sus datos a MARQU\u00c9S DE LA CONCORDIA para los fines se\u00f1alados.<\/li>\n<li><strong>Ser\u00e1 responsable de las informaciones falsas o inexactas que proporcione a trav\u00e9s del Sitio Web y de los da\u00f1os y perjuicios, directos o indirectos, que ello cause a MARQU\u00c9S DE LA CONCORDIA o a terceros.<\/strong><\/li>\n<\/ul>\n<p>&nbsp;<\/p>\n<ol start=\"9\">\n<li><strong>COMUNICACIONES COMERCIALES Y PROMOCIONALES<\/strong><\/li>\n<\/ol>\n<p>Una de las finalidades para las que MARQU\u00c9S DE LA CONCORDIA trata los datos personales proporcionados por parte de los Usuarios es para remitirles comunicaciones electr\u00f3nicas con informaci\u00f3n relativa a productos, servicios, promociones, ofertas, eventos o noticias relevantes para los Usuarios v\u00eda SMS, MMS, correo electr\u00f3nico, tel\u00e9fono, correo postal o cualquier otro canal similar. Siempre que se realice alguna comunicaci\u00f3n de este tipo, \u00e9sta ser\u00e1 dirigida \u00fanica y exclusivamente a aquellos Usuarios que hubieran manifestado previamente su autorizaci\u00f3n a la recepci\u00f3n de las mismas, o no se hayan opuesto al env\u00edo de las mismas.<\/p>\n<p>En caso de que el Usuario desee dejar de recibir comunicaciones comerciales o promocionales por parte de MARQU\u00c9S DE LA CONCORDIA puede solicitar la baja del servicio enviando un email a la siguiente direcci\u00f3n de correo electr\u00f3nico<span>\u00a0<\/span><a href=\"mailto:bajas@the-haciendas.com\">bajas@the-haciendas.com<\/a>, indicando la palabra MARQU\u00c9S DE LA CONCORDIA en el cuerpo del correo.<\/p>\n<p>&nbsp;<\/p>\n<ol start=\"10\">\n<li><strong>\u00bfQU\u00c9 DERECHOS TIENE EL INTERESADO?<\/strong><\/li>\n<\/ol>\n<p>El Usuario tiene derecho a:<\/p>\n<ul>\n<li><strong>Derecho de acceso:<\/strong><span>\u00a0<\/span>Recibir informaci\u00f3n sobre el tratamiento de sus datos, as\u00ed como una copia de los mismos.<\/li>\n<li><strong>Derecho de rectificaci\u00f3n:<\/strong><span>\u00a0<\/span>Rectificar los datos inexactos o incompletos.<\/li>\n<li><strong>Derecho de supresi\u00f3n:<\/strong><span>\u00a0<\/span>Solicitar la supresi\u00f3n de sus datos y, en caso de que se hayan facilitado a terceros, derecho a que el MARQU\u00c9S DE LA CONCORDIA informe a los mismos de esta solicitud.<\/li>\n<li><strong>Derecho a la limitaci\u00f3n del tratamiento<\/strong>: Obtener la limitaci\u00f3n del tratamiento de sus datos.<\/li>\n<li><strong>Derecho a la portabilidad:<span>\u00a0<\/span><\/strong>Recibir sus datos personales en un formato estructurado, com\u00fanmente utilizado y legible, as\u00ed como transmit\u00edrselo a otro responsable.<\/li>\n<li><strong>Derecho de oposici\u00f3n:<\/strong><span>\u00a0<\/span>Oponerse al tratamiento.<\/li>\n<li><strong>Derecho a retirar el consentimiento:<\/strong><span>\u00a0<\/span>Revocar el consentimiento otorgado cuando la finalidad est\u00e9 basada en su consentimiento.<\/li>\n<li><strong>Derecho a interponer una reclamaci\u00f3n ante la autoridad de control competente<span>\u00a0<\/span><\/strong>en caso de que considere que MARQU\u00c9S DE LA CONCORDIA vulner\u00f3 alg\u00fan precepto de la normativa de protecci\u00f3n de datos vigente.<\/li>\n<\/ul>\n<p>A los efectos de ejercitar los derechos anteriores deber\u00e1 dirigir una comunicaci\u00f3n escrita acreditando su identidad mediante fotocopia del documento de identidad u otro documento equivalente, indicando como Referencia \u00abProtecci\u00f3n de Datos\u00bb, a la Calle Mar\u00eda de Molina,40, Piso 6, 28006, o a la siguiente direcci\u00f3n de correo electr\u00f3nico pd@the-haciendas.com.<\/p>\n<p>Asimismo, se informa al usuario de que en cualquier momento podr\u00e1 Interponer una reclamaci\u00f3n relativa a la protecci\u00f3n de sus datos personales ante la Agencia Espa\u00f1ola de Protecci\u00f3n de Datos en la direcci\u00f3n Calle de Jorge Juan, 6, 28001 Madrid.<\/p>\n<p>&nbsp;<\/p>\n<ol start=\"11\">\n<li><a name=\"_Toc465939208\"><\/a><strong>MEDIDAS DE SEGURIDAD<\/strong><strong>.<\/strong><\/li>\n<\/ol>\n<p>MARQU\u00c9S DE LA CONCORDIA tratar\u00e1 los datos del Usuario en todo momento de forma absolutamente confidencial y guardando el preceptivo deber de secreto respecto de los mismos, de conformidad con lo previsto en la normativa de aplicaci\u00f3n, adoptando al efecto las medidas de \u00edndole t\u00e9cnica y organizativa necesarias que garanticen la seguridad de sus datos y eviten su alteraci\u00f3n, p\u00e9rdida, tratamiento o acceso no autorizado, habida cuenta del estado de la tecnolog\u00eda, la naturaleza de los datos almacenados y los riesgos a que est\u00e1n expuestos.<\/p>\n<p>&nbsp;<\/p>\n<p>\u00daltima actualizaci\u00f3n: \u00a020\/11\/2019.<\/p>\n<p>&nbsp;<\/p>\n<p><strong>CHECKBOXES A INCLUIR EN TODOS LOS FORMULARIOS DE ESTE DOMINIO<\/strong><\/p>\n<p><strong>FORMULARIO DE CONTACTO<\/strong><\/p>\n<p><strong>\u00a0<\/strong><\/p>\n<p>Consiento el tratamiento de mis datos de conformidad con la<span>\u00a0<\/span><strong>Pol\u00edtica de Privacidad<\/strong>. (de marcado obligatorio).<\/p>\n<p><u>\u00a0<\/u><\/p>\n<p>Acepto la comunicaci\u00f3n de mis datos a The Haciendas Company para el env\u00edo de comunicaciones comerciales de productos y\/o servicios de las sociedades del Grupo pertenecientes a sectores como son el sector de la hoster\u00eda, ocio-turismo, gastronom\u00eda, vin\u00edcola, y de alimentaci\u00f3n. (de marcado opcional).<\/p>\n<\/div>\n<p>[\/et_pb_text][\/et_pb_column][\/et_pb_row][\/et_pb_section]<\/p>\n","protected":false},"excerpt":{"rendered":"<p>Pol\u00edtica de privacidadPOL\u00cdTICA DE PRIVACIDAD www.marquesdelaconcordia.com \u00a0 IDENTIFICACI\u00d3N De conformidad con la normativa vigente, se informa al interesado, que el responsable del tratamiento de los datos de car\u00e1cter personal facilitados es [\u2026] (en adelante, \u201cMARQU\u00c9S DE LA CONCORDIA\u201d), con CIF B-49286990 y domicilio social en \u00a0Fermoselle (Zamora) Ctra. de Fermoselle a Zamora, km. 56. En [&hellip;]<\/p>\n","protected":false},"author":2,"featured_media":0,"parent":0,"menu_order":0,"comment_status":"closed","ping_status":"closed","template":"","meta":{"_et_pb_use_builder":"on","_et_pb_old_content":"","_et_gb_content_width":""},"_links":{"self":[{"href":"https:\/\/marquesdelaconcordia.com\/en\/wp-json\/wp\/v2\/pages\/69"}],"collection":[{"href":"https:\/\/marquesdelaconcordia.com\/en\/wp-json\/wp\/v2\/pages"}],"about":[{"href":"https:\/\/marquesdelaconcordia.com\/en\/wp-json\/wp\/v2\/types\/page"}],"author":[{"embeddable":true,"href":"https:\/\/marquesdelaconcordia.com\/en\/wp-json\/wp\/v2\/users\/2"}],"replies":[{"embeddable":true,"href":"https:\/\/marquesdelaconcordia.com\/en\/wp-json\/wp\/v2\/comments?post=69"}],"version-history":[{"count":5,"href":"https:\/\/marquesdelaconcordia.com\/en\/wp-json\/wp\/v2\/pages\/69\/revisions"}],"predecessor-version":[{"id":1715,"href":"https:\/\/marquesdelaconcordia.com\/en\/wp-json\/wp\/v2\/pages\/69\/revisions\/1715"}],"wp:attachment":[{"href":"https:\/\/marquesdelaconcordia.com\/en\/wp-json\/wp\/v2\/media?parent=69"}],"curies":[{"name":"wp","href":"https:\/\/api.w.org\/{rel}","templated":true}]}}